{"id":8,"date":"2023-02-14T15:00:39","date_gmt":"2023-02-14T15:00:39","guid":{"rendered":"https:\/\/0262.pl\/?page_id=8"},"modified":"2026-03-25T10:36:53","modified_gmt":"2026-03-25T10:36:53","slug":"plan-lotow-dorosle-2023","status":"publish","type":"page","link":"https:\/\/0262.pl\/index.php\/plan-lotow-dorosle-2023\/","title":{"rendered":"Plan lot\u00f3w"},"content":{"rendered":"\n<p><strong>LOTY GO\u0141\u0118BI DOROS\u0141YCH 202<\/strong>6 &#8211;<a href=\"http:\/\/0262.pl\/wp-content\/uploads\/2026\/03\/plan_lotow_dorosle_OpoleII_2026.pdf\">POBIERZ<\/a><br><strong>LOTY GO\u0141\u0118BI M\u0141ODYCH 202<\/strong>6 &#8211; <a href=\"http:\/\/0262.pl\/wp-content\/uploads\/2025\/12\/plan_lotow_mlode_OpoleII_2026.pdf\">POBIERZ <\/a><\/p>\n","protected":false},"excerpt":{"rendered":"<p>LOTY GO\u0141\u0118BI DOROS\u0141YCH 2026 &#8211;POBIERZLOTY GO\u0141\u0118BI M\u0141ODYCH 2026 &#8211; POBIERZ<\/p>\n","protected":false},"author":1,"featured_media":0,"parent":0,"menu_order":0,"comment_status":"closed","ping_status":"closed","template":"","meta":{"footnotes":""},"class_list":["post-8","page","type-page","status-publish","hentry"],"_links":{"self":[{"href":"https:\/\/0262.pl\/index.php\/wp-json\/wp\/v2\/pages\/8","targetHints":{"allow":["GET"]}}],"collection":[{"href":"https:\/\/0262.pl\/index.php\/wp-json\/wp\/v2\/pages"}],"about":[{"href":"https:\/\/0262.pl\/index.php\/wp-json\/wp\/v2\/types\/page"}],"author":[{"embeddable":true,"href":"https:\/\/0262.pl\/index.php\/wp-json\/wp\/v2\/users\/1"}],"replies":[{"embeddable":true,"href":"https:\/\/0262.pl\/index.php\/wp-json\/wp\/v2\/comments?post=8"}],"version-history":[{"count":20,"href":"https:\/\/0262.pl\/index.php\/wp-json\/wp\/v2\/pages\/8\/revisions"}],"predecessor-version":[{"id":1317,"href":"https:\/\/0262.pl\/index.php\/wp-json\/wp\/v2\/pages\/8\/revisions\/1317"}],"wp:attachment":[{"href":"https:\/\/0262.pl\/index.php\/wp-json\/wp\/v2\/media?parent=8"}],"curies":[{"name":"wp","href":"https:\/\/api.w.org\/{rel}","templated":true}]}}