{"id":53,"date":"2023-03-30T14:47:54","date_gmt":"2023-03-30T14:47:54","guid":{"rendered":"https:\/\/0262.pl\/?page_id=53"},"modified":"2023-03-30T14:47:54","modified_gmt":"2023-03-30T14:47:54","slug":"zarzad","status":"publish","type":"page","link":"https:\/\/0262.pl\/index.php\/zarzad\/","title":{"rendered":"ZARZ\u0104D"},"content":{"rendered":"\n<p>PREZES &#8211; Jerzy Ko\u017alik <br>V-CE PREZES DS. ORGANIZACJI LOT\u00d3W &#8211; Patryk Wr\u00f3bel<br>V-CE PREZES DS. GOSPODARCZYCH &#8211; Marcin Golsch<br>V-CE PREZES DS. FINANSOWYCH &#8211; Waldemar Blaik<br>SEKRETARZ &#8211; Krystian Pikos<br>CZ\u0141ONEK &#8211; J\u00f3zef Wystub<br>CZ\u0141ONEK &#8211; Zbigniew Klara<br>CZ\u0141ONEK &#8211; Krzysztof Pawi\u0144ski<br>CZ\u0141ONEK &#8211; Rajmund Kowalczyk<\/p>\n","protected":false},"excerpt":{"rendered":"<p>PREZES &#8211; Jerzy Ko\u017alik V-CE PREZES DS. ORGANIZACJI LOT\u00d3W &#8211; Patryk Wr\u00f3belV-CE PREZES DS. GOSPODARCZYCH &#8211; Marcin GolschV-CE PREZES [&hellip;]<\/p>\n","protected":false},"author":1,"featured_media":0,"parent":0,"menu_order":0,"comment_status":"closed","ping_status":"closed","template":"","meta":{"footnotes":""},"class_list":["post-53","page","type-page","status-publish","hentry"],"_links":{"self":[{"href":"https:\/\/0262.pl\/index.php\/wp-json\/wp\/v2\/pages\/53","targetHints":{"allow":["GET"]}}],"collection":[{"href":"https:\/\/0262.pl\/index.php\/wp-json\/wp\/v2\/pages"}],"about":[{"href":"https:\/\/0262.pl\/index.php\/wp-json\/wp\/v2\/types\/page"}],"author":[{"embeddable":true,"href":"https:\/\/0262.pl\/index.php\/wp-json\/wp\/v2\/users\/1"}],"replies":[{"embeddable":true,"href":"https:\/\/0262.pl\/index.php\/wp-json\/wp\/v2\/comments?post=53"}],"version-history":[{"count":1,"href":"https:\/\/0262.pl\/index.php\/wp-json\/wp\/v2\/pages\/53\/revisions"}],"predecessor-version":[{"id":54,"href":"https:\/\/0262.pl\/index.php\/wp-json\/wp\/v2\/pages\/53\/revisions\/54"}],"wp:attachment":[{"href":"https:\/\/0262.pl\/index.php\/wp-json\/wp\/v2\/media?parent=53"}],"curies":[{"name":"wp","href":"https:\/\/api.w.org\/{rel}","templated":true}]}}